{"id":300,"date":"2023-06-01T07:33:57","date_gmt":"2023-06-01T07:33:57","guid":{"rendered":"http:\/\/hdrmedia2.kylos.pl\/concordia\/?page_id=300"},"modified":"2026-04-27T11:28:58","modified_gmt":"2026-04-27T11:28:58","slug":"prostozpolski","status":"publish","type":"page","link":"https:\/\/concordiataste.pl\/wroclaw\/prostozpolski\/","title":{"rendered":"#prostozpolski"},"content":{"rendered":"\t\t<div data-elementor-type=\"wp-page\" data-elementor-id=\"300\" class=\"elementor elementor-300\" data-elementor-post-type=\"page\">\n\t\t\t\t<div class=\"elementor-element elementor-element-379b66b e-con-full e-flex e-con e-parent\" data-id=\"379b66b\" data-element_type=\"container\">\n\t\t<div class=\"elementor-element elementor-element-2235023 e-flex e-con-boxed e-con e-child\" data-id=\"2235023\" data-element_type=\"container\">\n\t\t\t\t\t<div class=\"e-con-inner\">\n\t\t<div class=\"elementor-element elementor-element-57dcaa2 e-con-full e-flex e-con e-child\" data-id=\"57dcaa2\" data-element_type=\"container\" id=\"prostozpolski\">\n\t\t<div class=\"elementor-element elementor-element-36db687 e-con-full e-flex e-con e-child\" data-id=\"36db687\" data-element_type=\"container\">\n\t\t<div class=\"elementor-element elementor-element-ee50c9d e-con-full e-flex e-con e-child\" data-id=\"ee50c9d\" data-element_type=\"container\" data-settings=\"{&quot;background_background&quot;:&quot;classic&quot;}\">\n\t\t\t\t<\/div>\n\t\t<div class=\"elementor-element elementor-element-76d6c75 e-con-full e-flex e-con e-child\" data-id=\"76d6c75\" data-element_type=\"container\">\n\t\t<div class=\"elementor-element elementor-element-147ef10 e-con-full e-flex e-con e-child\" data-id=\"147ef10\" data-element_type=\"container\">\n\t\t\t\t<div class=\"elementor-element elementor-element-f7bd535 elementor-widget elementor-widget-heading\" data-id=\"f7bd535\" data-element_type=\"widget\" data-widget_type=\"heading.default\">\n\t\t\t\t<div class=\"elementor-widget-container\">\n\t\t\t\t\t<h2 class=\"elementor-heading-title elementor-size-default\">#prostozpolski<\/h2>\t\t\t\t<\/div>\n\t\t\t\t<\/div>\n\t\t\t\t<div class=\"elementor-element elementor-element-295b16b elementor-widget-divider--view-line elementor-widget elementor-widget-divider\" data-id=\"295b16b\" data-element_type=\"widget\" data-widget_type=\"divider.default\">\n\t\t\t\t<div class=\"elementor-widget-container\">\n\t\t\t\t\t\t\t<div class=\"elementor-divider\">\n\t\t\t<span class=\"elementor-divider-separator\">\n\t\t\t\t\t\t<\/span>\n\t\t<\/div>\n\t\t\t\t\t\t<\/div>\n\t\t\t\t<\/div>\n\t\t\t\t<div class=\"elementor-element elementor-element-6093474 elementor-align-left elementor-widget elementor-widget-button\" data-id=\"6093474\" data-element_type=\"widget\" data-widget_type=\"button.default\">\n\t\t\t\t<div class=\"elementor-widget-container\">\n\t\t\t\t\t\t\t\t\t<div class=\"elementor-button-wrapper\">\n\t\t\t\t\t<a class=\"elementor-button elementor-button-link elementor-size-sm\" href=\"https:\/\/concordiataste.pl\/wroclaw\/wp-content\/uploads\/2026\/04\/menupzp1_24.04-4.pdf\" target=\"_blank\">\n\t\t\t\t\t\t<span class=\"elementor-button-content-wrapper\">\n\t\t\t\t\t\t\t\t\t<span class=\"elementor-button-text\">MENU<\/span>\n\t\t\t\t\t<\/span>\n\t\t\t\t\t<\/a>\n\t\t\t\t<\/div>\n\t\t\t\t\t\t\t\t<\/div>\n\t\t\t\t<\/div>\n\t\t\t\t<div class=\"elementor-element elementor-element-a6a40b5 elementor-widget__width-initial elementor-widget-mobile__width-inherit elementor-widget elementor-widget-text-editor\" data-id=\"a6a40b5\" data-element_type=\"widget\" data-widget_type=\"text-editor.default\">\n\t\t\t\t<div class=\"elementor-widget-container\">\n\t\t\t\t\t\t\t\t\t<p>#Prostozpolski to dla nas polska kuchnia w nowoczesnym, niecodziennym wydaniu.<\/p><p>O\u017cywiamy tradycyjne smaki, dbamy o autentyczno\u015b\u0107, si\u0119gaj\u0105c po regionalne produkty od najlepszych lokalnych producent\u00f3w.<\/p><p>Menu a\u2019la carte to sezonowe ods\u0142ony najlepszego, co mo\u017cna zebra\u0107 z lokalnych p\u00f3l i sad\u00f3w, hodowli i staw\u00f3w zinterpretowane przez Szefa Krzysztofa Susk\u0119 z zespo\u0142em.<\/p>\t\t\t\t\t\t\t\t<\/div>\n\t\t\t\t<\/div>\n\t\t\t\t<\/div>\n\t\t\t\t<\/div>\n\t\t\t\t<\/div>\n\t\t<div class=\"elementor-element elementor-element-dc40586 e-con-full e-flex e-con e-child\" data-id=\"dc40586\" data-element_type=\"container\" data-settings=\"{&quot;background_background&quot;:&quot;classic&quot;}\">\n\t\t\t\t<\/div>\n\t\t<div class=\"elementor-element elementor-element-579d70a e-con-full e-flex e-con e-child\" data-id=\"579d70a\" data-element_type=\"container\">\n\t\t<div class=\"elementor-element elementor-element-d634d59 e-con-full e-flex e-con e-child\" data-id=\"d634d59\" data-element_type=\"container\" data-settings=\"{&quot;background_background&quot;:&quot;classic&quot;}\">\n\t\t\t\t<\/div>\n\t\t<div class=\"elementor-element elementor-element-42bfc34 e-con-full e-flex e-con e-child\" data-id=\"42bfc34\" data-element_type=\"container\">\n\t\t\t\t<div class=\"elementor-element elementor-element-a76b70c elementor-widget__width-initial elementor-widget-mobile__width-inherit elementor-widget elementor-widget-text-editor\" data-id=\"a76b70c\" data-element_type=\"widget\" data-widget_type=\"text-editor.default\">\n\t\t\t\t<div class=\"elementor-widget-container\">\n\t\t\t\t\t\t\t\t\t<p>To dla nas nie tylko dania, to opowie\u015b\u0107 o smaku, tradycji, kt\u00f3r\u0105 chcemy podzieli\u0107 si\u0119 z ka\u017cdym, kto pragnie odkry\u0107 Polskie smaki w zupe\u0142nie nowym \u015bwietle.<\/p>\t\t\t\t\t\t\t\t<\/div>\n\t\t\t\t<\/div>\n\t\t\t\t<\/div>\n\t\t<div class=\"elementor-element elementor-element-6c257ad e-con-full e-flex e-con e-child\" data-id=\"6c257ad\" data-element_type=\"container\" data-settings=\"{&quot;background_background&quot;:&quot;classic&quot;}\">\n\t\t\t\t<\/div>\n\t\t\t\t<\/div>\n\t\t\t\t<\/div>\n\t\t<div class=\"elementor-element elementor-element-55e3474 e-con-full e-flex e-con e-child\" data-id=\"55e3474\" data-element_type=\"container\" id=\"taste_ing\">\n\t\t<div class=\"elementor-element elementor-element-364c9b3 e-con-full e-flex e-con e-child\" data-id=\"364c9b3\" data-element_type=\"container\">\n\t\t<div class=\"elementor-element elementor-element-e53fe17 e-con-full e-flex e-con e-child\" data-id=\"e53fe17\" data-element_type=\"container\" data-settings=\"{&quot;background_background&quot;:&quot;classic&quot;}\">\n\t\t\t\t<\/div>\n\t\t<div class=\"elementor-element elementor-element-1230666 e-con-full e-flex e-con e-child\" data-id=\"1230666\" data-element_type=\"container\">\n\t\t<div class=\"elementor-element elementor-element-69441bb e-flex e-con-boxed e-con e-child\" data-id=\"69441bb\" data-element_type=\"container\">\n\t\t\t\t\t<div class=\"e-con-inner\">\n\t\t<div class=\"elementor-element elementor-element-8aa82c8 e-flex e-con-boxed e-con e-child\" data-id=\"8aa82c8\" data-element_type=\"container\">\n\t\t\t\t\t<div class=\"e-con-inner\">\n\t\t\t\t<div class=\"elementor-element elementor-element-8ac827e elementor-widget elementor-widget-heading\" data-id=\"8ac827e\" data-element_type=\"widget\" data-widget_type=\"heading.default\">\n\t\t\t\t<div class=\"elementor-widget-container\">\n\t\t\t\t\t<h2 class=\"elementor-heading-title elementor-size-default\">TASTE_ING<\/h2>\t\t\t\t<\/div>\n\t\t\t\t<\/div>\n\t\t\t\t<div class=\"elementor-element elementor-element-d3a8da1 elementor-widget__width-initial elementor-widget elementor-widget-text-editor\" data-id=\"d3a8da1\" data-element_type=\"widget\" data-widget_type=\"text-editor.default\">\n\t\t\t\t<div class=\"elementor-widget-container\">\n\t\t\t\t\t\t\t\t\t<p>taste_ing to nasza lu\u017ana propozycja degustacji. Cztery dania (a mo\u017ce w\u0142a\u015bciwie sze\u015b\u0107?) b\u0119d\u0105ce przeja\u017cd\u017ck\u0105 przez to co w menu (i nie tylko) kochamy najbardziej. \u015awietny spos\u00f3b spr\u00f3bowania tego ca\u0142ego przekroju tego co nam w\u0142a\u015bnie teraz po <del datetime=\"2025-02-20T22:21:08+00:00\">podniebieniu<\/del> g\u0142owie chodzi.<\/p>\t\t\t\t\t\t\t\t<\/div>\n\t\t\t\t<\/div>\n\t\t\t\t\t<\/div>\n\t\t\t\t<\/div>\n\t\t\t\t<div class=\"elementor-element elementor-element-c8d112b elementor-widget elementor-widget-button\" data-id=\"c8d112b\" data-element_type=\"widget\" data-widget_type=\"button.default\">\n\t\t\t\t<div class=\"elementor-widget-container\">\n\t\t\t\t\t\t\t\t\t<div class=\"elementor-button-wrapper\">\n\t\t\t\t\t<a class=\"elementor-button elementor-button-link elementor-size-sm\" href=\"\">\n\t\t\t\t\t\t<span class=\"elementor-button-content-wrapper\">\n\t\t\t\t\t\t\t\t\t<span class=\"elementor-button-text\">TASTE_ING MENU<\/span>\n\t\t\t\t\t<\/span>\n\t\t\t\t\t<\/a>\n\t\t\t\t<\/div>\n\t\t\t\t\t\t\t\t<\/div>\n\t\t\t\t<\/div>\n\t\t\t\t\t<\/div>\n\t\t\t\t<\/div>\n\t\t\t\t<\/div>\n\t\t\t\t<\/div>\n\t\t<div class=\"elementor-element elementor-element-3b20e4b e-con-full e-flex e-con e-child\" data-id=\"3b20e4b\" data-element_type=\"container\" data-settings=\"{&quot;background_background&quot;:&quot;classic&quot;}\">\n\t\t\t\t<\/div>\n\t\t<div class=\"elementor-element elementor-element-5f3330f e-con-full e-flex e-con e-child\" data-id=\"5f3330f\" data-element_type=\"container\">\n\t\t<div class=\"elementor-element elementor-element-19c2120 e-con-full e-flex e-con e-child\" data-id=\"19c2120\" data-element_type=\"container\" data-settings=\"{&quot;background_background&quot;:&quot;classic&quot;}\">\n\t\t\t\t<\/div>\n\t\t<div class=\"elementor-element elementor-element-e30e860 e-con-full e-flex e-con e-child\" data-id=\"e30e860\" data-element_type=\"container\">\n\t\t\t\t<div class=\"elementor-element elementor-element-e461bdc elementor-widget__width-initial elementor-widget elementor-widget-text-editor\" data-id=\"e461bdc\" data-element_type=\"widget\" data-widget_type=\"text-editor.default\">\n\t\t\t\t<div class=\"elementor-widget-container\">\n\t\t\t\t\t\t\t\t\t<p>To prawdziwa podro\u0301z\u0307 przez intensywnos\u0301c\u0301 i s\u0301wiez\u0307os\u0301c\u0301 lokalnych skarbo\u0301w kulinarnych.\u00a0 \u00a0 \u00a0 \u00a0 \u00a0 \u00a0 \u00a0 \u00a0 \u00a0 \u00a0 \u00a0 \u00a0 Kaz\u0307dy sezon w roku ma swo\u0301j taste_ing.<\/p>\t\t\t\t\t\t\t\t<\/div>\n\t\t\t\t<\/div>\n\t\t\t\t<\/div>\n\t\t<div class=\"elementor-element elementor-element-19ac46f e-con-full e-flex e-con e-child\" data-id=\"19ac46f\" data-element_type=\"container\" data-settings=\"{&quot;background_background&quot;:&quot;classic&quot;}\">\n\t\t\t\t<\/div>\n\t\t\t\t<\/div>\n\t\t\t\t<\/div>\n\t\t<div class=\"elementor-element elementor-element-60a3a3e e-con-full e-flex e-con e-child\" data-id=\"60a3a3e\" data-element_type=\"container\" id=\"kieliszki\">\n\t\t<div class=\"elementor-element elementor-element-b165f81 e-con-full e-flex e-con e-child\" data-id=\"b165f81\" data-element_type=\"container\">\n\t\t<div class=\"elementor-element elementor-element-0a32046 e-con-full e-flex e-con e-child\" data-id=\"0a32046\" data-element_type=\"container\" data-settings=\"{&quot;background_background&quot;:&quot;classic&quot;}\">\n\t\t\t\t<\/div>\n\t\t<div class=\"elementor-element elementor-element-457833b e-con-full e-flex e-con e-child\" data-id=\"457833b\" data-element_type=\"container\">\n\t\t<div class=\"elementor-element elementor-element-86e6501 e-flex e-con-boxed e-con e-child\" data-id=\"86e6501\" data-element_type=\"container\">\n\t\t\t\t\t<div class=\"e-con-inner\">\n\t\t\t\t<div class=\"elementor-element elementor-element-1b2571d elementor-widget elementor-widget-heading\" data-id=\"1b2571d\" data-element_type=\"widget\" data-widget_type=\"heading.default\">\n\t\t\t\t<div class=\"elementor-widget-container\">\n\t\t\t\t\t<h2 class=\"elementor-heading-title elementor-size-default\">kieliszki #prostozpolski<\/h2>\t\t\t\t<\/div>\n\t\t\t\t<\/div>\n\t\t\t\t<div class=\"elementor-element elementor-element-a179e68 elementor-widget-divider--view-line elementor-widget elementor-widget-divider\" data-id=\"a179e68\" data-element_type=\"widget\" data-widget_type=\"divider.default\">\n\t\t\t\t<div class=\"elementor-widget-container\">\n\t\t\t\t\t\t\t<div class=\"elementor-divider\">\n\t\t\t<span class=\"elementor-divider-separator\">\n\t\t\t\t\t\t<\/span>\n\t\t<\/div>\n\t\t\t\t\t\t<\/div>\n\t\t\t\t<\/div>\n\t\t\t\t<div class=\"elementor-element elementor-element-955182c elementor-widget__width-initial elementor-widget-mobile__width-inherit elementor-widget elementor-widget-text-editor\" data-id=\"955182c\" data-element_type=\"widget\" data-widget_type=\"text-editor.default\">\n\t\t\t\t<div class=\"elementor-widget-container\">\n\t\t\t\t\t\t\t\t\t<p>#ProstozPolski to dla nas nie tylko kwestia kulinarnej pasji, ale tak\u017ce filozofia, kt\u00f3r\u0105 przenosimy do naszego baru.\u00a0<\/p><p>W oparciu o wyselekcjonowane polskie alkohole oraz smaki, kreujemy koktajle, kt\u00f3re s\u0105 ho\u0142dem dla tradycji i wyj\u0105tkowego bogactwa naszych trunk\u00f3w.<\/p>\t\t\t\t\t\t\t\t<\/div>\n\t\t\t\t<\/div>\n\t\t\t\t<div class=\"elementor-element elementor-element-bfb847d elementor-widget elementor-widget-button\" data-id=\"bfb847d\" data-element_type=\"widget\" data-widget_type=\"button.default\">\n\t\t\t\t<div class=\"elementor-widget-container\">\n\t\t\t\t\t\t\t\t\t<div class=\"elementor-button-wrapper\">\n\t\t\t\t\t<a class=\"elementor-button elementor-button-link elementor-size-sm\" href=\"\">\n\t\t\t\t\t\t<span class=\"elementor-button-content-wrapper\">\n\t\t\t\t\t\t\t\t\t<span class=\"elementor-button-text\">KIELISZKI  MENU<\/span>\n\t\t\t\t\t<\/span>\n\t\t\t\t\t<\/a>\n\t\t\t\t<\/div>\n\t\t\t\t\t\t\t\t<\/div>\n\t\t\t\t<\/div>\n\t\t\t\t\t<\/div>\n\t\t\t\t<\/div>\n\t\t\t\t<\/div>\n\t\t\t\t<\/div>\n\t\t<div class=\"elementor-element elementor-element-b131303 e-con-full elementor-hidden-mobile e-flex e-con e-child\" data-id=\"b131303\" data-element_type=\"container\" data-settings=\"{&quot;background_background&quot;:&quot;classic&quot;}\">\n\t\t\t\t<\/div>\n\t\t<div class=\"elementor-element elementor-element-e250217 e-con-full e-flex e-con e-child\" data-id=\"e250217\" data-element_type=\"container\">\n\t\t<div class=\"elementor-element elementor-element-1c4bb8f e-con-full e-flex e-con e-child\" data-id=\"1c4bb8f\" data-element_type=\"container\" data-settings=\"{&quot;background_background&quot;:&quot;classic&quot;}\">\n\t\t\t\t<\/div>\n\t\t<div class=\"elementor-element elementor-element-cc14cb9 e-con-full e-flex e-con e-child\" data-id=\"cc14cb9\" data-element_type=\"container\">\n\t\t\t\t<div class=\"elementor-element elementor-element-9e22cf8 elementor-widget__width-initial elementor-widget-tablet__width-inherit elementor-widget elementor-widget-text-editor\" data-id=\"9e22cf8\" data-element_type=\"widget\" data-widget_type=\"text-editor.default\">\n\t\t\t\t<div class=\"elementor-widget-container\">\n\t\t\t\t\t\t\t\t\t<p>W kwestii win &#8211; Dolny \u015al\u0105sk to niezwykle dynamicznie rozwijaj\u0105cy si\u0119 region winiarski. Z racji tego, \u017ce wszystko co regionalne jest blisko naszych Taste\u2019owych serc, ca\u0142a karta win naszej restauracji oparta jest o wina z dolno\u015bl\u0105skich winnic.<\/p><p>Przemierzaj\u0105c ich szlakiem, z ka\u017cdym tygodniem portfolio dost\u0119pnych dolno\u015bl\u0105skich etykiet w naszym menu si\u0119 powi\u0119ksza.<\/p>\t\t\t\t\t\t\t\t<\/div>\n\t\t\t\t<\/div>\n\t\t\t\t<\/div>\n\t\t<div class=\"elementor-element elementor-element-e02e4fd e-con-full e-flex e-con e-child\" data-id=\"e02e4fd\" data-element_type=\"container\" data-settings=\"{&quot;background_background&quot;:&quot;classic&quot;}\">\n\t\t\t\t<\/div>\n\t\t\t\t<\/div>\n\t\t\t\t<\/div>\n\t\t<div class=\"elementor-element elementor-element-74318e4 e-con-full e-flex e-con e-child\" data-id=\"74318e4\" data-element_type=\"container\" id=\"dzieci\">\n\t\t<div class=\"elementor-element elementor-element-7adbb9a e-con-full e-flex e-con e-child\" data-id=\"7adbb9a\" data-element_type=\"container\">\n\t\t<div class=\"elementor-element elementor-element-6e28125 e-con-full e-flex e-con e-child\" data-id=\"6e28125\" data-element_type=\"container\" data-settings=\"{&quot;background_background&quot;:&quot;classic&quot;}\">\n\t\t\t\t<\/div>\n\t\t<div class=\"elementor-element elementor-element-dcbf752 e-con-full e-flex e-con e-child\" data-id=\"dcbf752\" data-element_type=\"container\">\n\t\t<div class=\"elementor-element elementor-element-a1f94e8 e-flex e-con-boxed e-con e-child\" data-id=\"a1f94e8\" data-element_type=\"container\">\n\t\t\t\t\t<div class=\"e-con-inner\">\n\t\t\t\t<div class=\"elementor-element elementor-element-03b4c20 elementor-widget elementor-widget-heading\" data-id=\"03b4c20\" data-element_type=\"widget\" data-widget_type=\"heading.default\">\n\t\t\t\t<div class=\"elementor-widget-container\">\n\t\t\t\t\t<h2 class=\"elementor-heading-title elementor-size-default\">menu dla dzieci<\/h2>\t\t\t\t<\/div>\n\t\t\t\t<\/div>\n\t\t\t\t<div class=\"elementor-element elementor-element-238d8f5 elementor-widget-divider--view-line elementor-widget elementor-widget-divider\" data-id=\"238d8f5\" data-element_type=\"widget\" data-widget_type=\"divider.default\">\n\t\t\t\t<div class=\"elementor-widget-container\">\n\t\t\t\t\t\t\t<div class=\"elementor-divider\">\n\t\t\t<span class=\"elementor-divider-separator\">\n\t\t\t\t\t\t<\/span>\n\t\t<\/div>\n\t\t\t\t\t\t<\/div>\n\t\t\t\t<\/div>\n\t\t\t\t<div class=\"elementor-element elementor-element-3b3071d elementor-widget__width-initial elementor-widget-mobile__width-inherit elementor-widget elementor-widget-text-editor\" data-id=\"3b3071d\" data-element_type=\"widget\" data-widget_type=\"text-editor.default\">\n\t\t\t\t<div class=\"elementor-widget-container\">\n\t\t\t\t\t\t\t\t\t<p>Nasza kuchnia sprosta gustom najbardziej wymagaj\u0105cych maluch\u00f3w. W specjalnie skomponowanym menu znajduj\u0105 si\u0119 dzieci\u0119ce klasyki oparte na prostych i jako\u015bciowych sk\u0142adnikach.<\/p><p>Od piero\u017ck\u00f3w, kt\u00f3re nasi mali go\u015bcie ochoczo wcinaj\u0105 po klasyczne nale\u015bniki na s\u0142odko! Palce liza\u0107!<\/p>\t\t\t\t\t\t\t\t<\/div>\n\t\t\t\t<\/div>\n\t\t\t\t<div class=\"elementor-element elementor-element-fc27dc2 elementor-widget elementor-widget-button\" data-id=\"fc27dc2\" data-element_type=\"widget\" data-widget_type=\"button.default\">\n\t\t\t\t<div class=\"elementor-widget-container\">\n\t\t\t\t\t\t\t\t\t<div class=\"elementor-button-wrapper\">\n\t\t\t\t\t<a class=\"elementor-button elementor-button-link elementor-size-sm\" href=\"\" target=\"_blank\">\n\t\t\t\t\t\t<span class=\"elementor-button-content-wrapper\">\n\t\t\t\t\t\t\t\t\t<span class=\"elementor-button-text\">KIDS MENU<\/span>\n\t\t\t\t\t<\/span>\n\t\t\t\t\t<\/a>\n\t\t\t\t<\/div>\n\t\t\t\t\t\t\t\t<\/div>\n\t\t\t\t<\/div>\n\t\t\t\t\t<\/div>\n\t\t\t\t<\/div>\n\t\t\t\t<\/div>\n\t\t\t\t<\/div>\n\t\t<div class=\"elementor-element elementor-element-b6fdce5 e-con-full elementor-hidden-mobile e-flex e-con e-child\" data-id=\"b6fdce5\" data-element_type=\"container\" data-settings=\"{&quot;background_background&quot;:&quot;classic&quot;}\">\n\t\t\t\t<\/div>\n\t\t<div class=\"elementor-element elementor-element-8106016 e-con-full e-flex e-con e-child\" data-id=\"8106016\" data-element_type=\"container\">\n\t\t<div class=\"elementor-element elementor-element-16284d1 e-con-full e-flex e-con e-child\" data-id=\"16284d1\" data-element_type=\"container\" data-settings=\"{&quot;background_background&quot;:&quot;classic&quot;}\">\n\t\t\t\t<\/div>\n\t\t<div class=\"elementor-element elementor-element-1cbac1b e-con-full e-flex e-con e-child\" data-id=\"1cbac1b\" data-element_type=\"container\">\n\t\t\t\t<div class=\"elementor-element elementor-element-8d8abbb elementor-widget__width-initial elementor-widget-tablet__width-inherit elementor-widget elementor-widget-text-editor\" data-id=\"8d8abbb\" data-element_type=\"widget\" data-widget_type=\"text-editor.default\">\n\t\t\t\t<div class=\"elementor-widget-container\">\n\t\t\t\t\t\t\t\t\t<p>Ponadto w naszej restauracji ka\u017cdy maluch znajdzie dla siebie miejsce i zaj\u0119cie. Latem w specjalnej strefie na naszym ogr\u00f3dku, a w ch\u0142odne dni w przytulnym k\u0105ciku naszej sali.<\/p><p>Zale\u017cy nam aby rodzice i dzieci czuli si\u0119 komfortowo &#8211; jeste\u015bmy zaopatrzeni w przewijak dla dziecka, a poruszanie si\u0119 z w\u00f3zkiem po restauracji zdecydowanie u\u0142atwi przestronne wn\u0119trze.<\/p>\t\t\t\t\t\t\t\t<\/div>\n\t\t\t\t<\/div>\n\t\t\t\t<\/div>\n\t\t<div class=\"elementor-element elementor-element-aa27a06 e-con-full e-flex e-con e-child\" data-id=\"aa27a06\" data-element_type=\"container\" data-settings=\"{&quot;background_background&quot;:&quot;classic&quot;}\">\n\t\t\t\t<\/div>\n\t\t\t\t<\/div>\n\t\t\t\t<\/div>\n\t\t\t\t\t<\/div>\n\t\t\t\t<\/div>\n\t\t\t\t<\/div>\n\t\t\t\t<\/div>\n\t\t","protected":false},"excerpt":{"rendered":"<p>#prostozpolski MENU #Prostozpolski to dla nas polska kuchnia w nowoczesnym, niecodziennym wydaniu. O\u017cywiamy tradycyjne smaki, dbamy o autentyczno\u015b\u0107, si\u0119gaj\u0105c po regionalne produkty od najlepszych lokalnych producent\u00f3w. Menu a\u2019la carte to sezonowe ods\u0142ony najlepszego, co mo\u017cna zebra\u0107 z lokalnych p\u00f3l i sad\u00f3w, hodowli i staw\u00f3w zinterpretowane przez Szefa Krzysztofa Susk\u0119 z zespo\u0142em. To dla nas nie [&hellip;]<\/p>\n","protected":false},"author":1,"featured_media":0,"parent":0,"menu_order":0,"comment_status":"closed","ping_status":"closed","template":"","meta":{"_acf_changed":false,"footnotes":""},"class_list":["post-300","page","type-page","status-publish","hentry"],"acf":[],"_links":{"self":[{"href":"https:\/\/concordiataste.pl\/wroclaw\/wp-json\/wp\/v2\/pages\/300","targetHints":{"allow":["GET"]}}],"collection":[{"href":"https:\/\/concordiataste.pl\/wroclaw\/wp-json\/wp\/v2\/pages"}],"about":[{"href":"https:\/\/concordiataste.pl\/wroclaw\/wp-json\/wp\/v2\/types\/page"}],"author":[{"embeddable":true,"href":"https:\/\/concordiataste.pl\/wroclaw\/wp-json\/wp\/v2\/users\/1"}],"replies":[{"embeddable":true,"href":"https:\/\/concordiataste.pl\/wroclaw\/wp-json\/wp\/v2\/comments?post=300"}],"version-history":[{"count":88,"href":"https:\/\/concordiataste.pl\/wroclaw\/wp-json\/wp\/v2\/pages\/300\/revisions"}],"predecessor-version":[{"id":4507,"href":"https:\/\/concordiataste.pl\/wroclaw\/wp-json\/wp\/v2\/pages\/300\/revisions\/4507"}],"wp:attachment":[{"href":"https:\/\/concordiataste.pl\/wroclaw\/wp-json\/wp\/v2\/media?parent=300"}],"curies":[{"name":"wp","href":"https:\/\/api.w.org\/{rel}","templated":true}]}}